{"id":2011,"date":"2024-01-19T12:40:07","date_gmt":"2024-01-19T11:40:07","guid":{"rendered":"https:\/\/www.mtd-diagnostics.com\/privacy-policy\/"},"modified":"2024-03-01T10:55:59","modified_gmt":"2024-03-01T09:55:59","slug":"privacy-policy","status":"publish","type":"page","link":"https:\/\/www.mtd-diagnostics.com\/it\/privacy-policy\/","title":{"rendered":"Privacy policy"},"content":{"rendered":"\t\t<div data-elementor-type=\"wp-page\" data-elementor-id=\"2011\" class=\"elementor elementor-2011 elementor-1022\" data-elementor-post-type=\"page\">\n\t\t\t\t\t\t\t<div class=\"elementor-element elementor-element-b5f31cd e-con-full e-flex e-con e-parent\" data-id=\"b5f31cd\" data-element_type=\"container\" data-settings=\"{&quot;content_width&quot;:&quot;full&quot;,&quot;background_background&quot;:&quot;classic&quot;}\" data-core-v316-plus=\"true\">\n\t\t\t\t<div class=\"elementor-element elementor-element-a829eca elementor-widget elementor-widget-heading\" data-id=\"a829eca\" data-element_type=\"widget\" data-widget_type=\"heading.default\">\n\t\t\t\t<div class=\"elementor-widget-container\">\n\t\t\t<style>\/*! elementor - v3.18.0 - 20-12-2023 *\/\n.elementor-heading-title{padding:0;margin:0;line-height:1}.elementor-widget-heading .elementor-heading-title[class*=elementor-size-]>a{color:inherit;font-size:inherit;line-height:inherit}.elementor-widget-heading .elementor-heading-title.elementor-size-small{font-size:15px}.elementor-widget-heading .elementor-heading-title.elementor-size-medium{font-size:19px}.elementor-widget-heading .elementor-heading-title.elementor-size-large{font-size:29px}.elementor-widget-heading .elementor-heading-title.elementor-size-xl{font-size:39px}.elementor-widget-heading .elementor-heading-title.elementor-size-xxl{font-size:59px}<\/style><h2 class=\"elementor-heading-title elementor-size-default\">Privacy policy <\/h2>\t\t<\/div>\n\t\t\t\t<\/div>\n\t\t\t\t<\/div>\n\t\t<div class=\"elementor-element elementor-element-1d56446 e-con-full e-flex e-con e-parent\" data-id=\"1d56446\" data-element_type=\"container\" data-settings=\"{&quot;content_width&quot;:&quot;full&quot;}\" data-core-v316-plus=\"true\">\n\t\t\t\t<div class=\"elementor-element elementor-element-ea5ccb9 elementor-widget elementor-widget-text-editor\" data-id=\"ea5ccb9\" data-element_type=\"widget\" data-widget_type=\"text-editor.default\">\n\t\t\t\t<div class=\"elementor-widget-container\">\n\t\t\t<style>\/*! elementor - v3.18.0 - 20-12-2023 *\/\n.elementor-widget-text-editor.elementor-drop-cap-view-stacked .elementor-drop-cap{background-color:#69727d;color:#fff}.elementor-widget-text-editor.elementor-drop-cap-view-framed .elementor-drop-cap{color:#69727d;border:3px solid;background-color:transparent}.elementor-widget-text-editor:not(.elementor-drop-cap-view-default) .elementor-drop-cap{margin-top:8px}.elementor-widget-text-editor:not(.elementor-drop-cap-view-default) .elementor-drop-cap-letter{width:1em;height:1em}.elementor-widget-text-editor .elementor-drop-cap{float:left;text-align:center;line-height:1;font-size:50px}.elementor-widget-text-editor .elementor-drop-cap-letter{display:inline-block}<\/style>\t\t\t\t<p><strong style=\"color: #86bc25;\">INTRODUZIONE<\/strong><\/p>\n<p>MTD Diagnostics S.r.l. (\u201cMTD Diagnostics\u201d) regards the lawful and correct processing of personal and sensitive data as an integral part of its purpose. MTD Diagnostics S.r.l. (&#8220;MTD Diagnostics&#8221;) considera parte integrante della propria finalit\u00e0 il trattamento lecito e secondo correttezza dei dati personali e sensibili. MTD Diagnostics ritiene che questo sia fondamentale per mantenere la fiducia di clienti, fornitori, dipendenti e altre parti interessate su cui trattiamo i dati.<\/p>\n<\/p>\n<p><strong style=\"color: #86bc25;\">DICHIARAZIONE DI POLITICA<\/strong><\/p>\n<p>La presente informativa sulla privacy spiega in che modo MTD Diagnostics adempir\u00e0 ai propri obblighi legali in materia di riservatezza e sicurezza dei dati. I requisiti all&#8217;interno dell&#8217;informativa si basano principalmente sul Regolamento generale sulla protezione dei dati (&#8220;GDPR&#8221;), che \u00e8 l&#8217;atto legislativo chiave che copre la sicurezza dei dati e la riservatezza dei dati personali nell&#8217;Unione Europea.<\/p>\n<p>I principi chiave di questa politica sono i seguenti:<\/p>\n<\/p>\n<ul>\n<li>MTD Diagnostics implementer\u00e0 pienamente tutti gli aspetti del GDPR<\/li>\n<li>MTD Diagnostics garantir\u00e0 che tutti i dipendenti e gli altri soggetti che trattano dati personali siano consapevoli dei loro obblighi e diritti ai sensi del GDPR e<\/li>\n<li>MTD Diagnostics adotter\u00e0 misure adeguate e appropriate per garantire la sicurezza di tutti i dati contenuti o gestiti dai suoi sistemi<\/li>\n<\/ul>\n<p>La presente informativa fornisce indicazioni sulla protezione, la condivisione e la divulgazione dei dati personali all&#8217;interno di MTD Diagnostics.<\/p>\n<\/p>\n<p><strong style=\"color: #86bc25;\">DEFINIZIONI DI DATI PERSONALI E DATI PERSONALI SENSIBILI<\/strong><\/p>\n<p>Per &#8220;dati personali&#8221;, o &#8220;informazioni personali&#8221;, si intende qualsiasi informazione relativa a un individuo che consenta di identificare tale persona. Non include i dati per i quali l&#8217;identit\u00e0 \u00e8 stata rimossa (ossia i dati anonimizzati).<\/p>\n<\/p>\n<p>Esempi di dati personali trattati da MTD Diagnostics includono:<\/p>\n<\/p>\n<ul>\n<li>nomi, indirizzi, e-mail, numeri di telefono e altre informazioni di contatto.<\/li>\n<li>alcune informazioni finanziarie, tra cui i numeri di previdenza sociale e i dati sulle buste paga, e<\/li>\n<li>fotografie, registrazioni video e audio<\/li>\n<\/ul>\n<p>Per &#8220;dati personali sensibili&#8221; si intendono tutti i dati personali che rivelano l&#8217;origine razziale o etnica, le opinioni politiche, le convinzioni religiose o simili, l&#8217;appartenenza sindacale, le condizioni di salute fisica o mentale, la vita sessuale, l&#8217;orientamento sessuale, i dati biometrici o genetici e qualsiasi dato personale relativo a reati e condanne penali. I dati personali sensibili beneficiano di un&#8217;ulteriore protezione legale.<\/p>\n<\/p>\n<p><strong style=\"color: #86bc25;\">PRINCIPI DI PROTEZIONE DEI DATI<\/strong><\/p>\n<p>MTD Diagnostics aderisce ai principi di protezione dei dati stabiliti nel GDPR, che richiede che tutti i dati personali siano:<\/p>\n<\/p>\n<ul>\n<li>trattati in modo lecito, equo e trasparente.<\/li>\n<li>raccolti solo per finalit\u00e0 determinate, esplicite e legittime<\/li>\n<li>adeguati, pertinenti e limitati a quanto necessario in relazione alle finalit\u00e0 per le quali sono trattati<\/li>\n<li>esatti e, se necessario, aggiornati<\/li>\n<li>non conservano in una forma che consenta l&#8217;identificazione degli interessati per un periodo di tempo superiore a quello necessario al conseguimento delle finalit\u00e0 per le quali i dati sono trattati<\/li>\n<li>trattati in modo da garantirne la sicurezza utilizzando misure tecniche e organizzative adeguate per la protezione contro il trattamento non autorizzato o illecito e contro la perdita, la distruzione o il danneggiamento accidentali.<\/li>\n<li>non siano trasferiti in un altro paese senza che siano state poste in essere adeguate garanzie, e<\/li>\n<li>messi a disposizione degli interessati e degli interessati autorizzati ad esercitare determinati diritti in relazione ai loro dati personali.<\/li>\n<\/ul>\n<p>MTD Diagnostics \u00e8 responsabile e deve essere in grado di dimostrare in ogni momento il rispetto dei principi di protezione dei dati sopra elencati.<\/p>\n<\/p>\n<p>I dati personali non devono essere utilizzati se non per lo scopo specifico richiesto per fornire un prodotto o un servizio. L&#8217;individuo deve sempre sapere che i suoi dati vengono elaborati. Quando tali dati sono particolarmente sensibili, \u00e8 necessario il consenso prima che i dati possano essere trattati da MTD Diagnostics, a meno che non sussista un&#8217;altra base giuridica per il trattamento.<\/p>\n<\/p>\n<p>I dati personali possono essere in formato informatico e\/o cartaceo. Essa pu\u00f2 includere la documentazione di cui:<\/p>\n<\/p>\n<ul>\n<li>documenti cartacei (es. CV, anagrafiche dei dipendenti, lettere ricevute e inviate).<\/li>\n<li>registri elettronici.<\/li>\n<li>stampe.<\/li>\n<li>fotografie, e<\/li>\n<li>video e registrazioni su nastro.<\/li>\n<\/ul>\n<p>Anche i dati di backup (ad es. dati archiviati o record di disaster recovery) rientrano nel GDPR; tuttavia, una ricerca al loro interno dovrebbe essere condotta solo se specificamente richiesta da un individuo come richiesta ufficiale di accesso dell&#8217;interessato.<\/p>\n<\/p>\n<p><strong style=\"color: #86bc25;\">DIRITTO DI VISITA DELLE PERSONE FISICHE<\/strong><\/p>\n<p>Il GDPR conferisce a ogni persona vivente (o al suo rappresentante autorizzato) il diritto di richiedere l&#8217;accesso ai dati personali che le organizzazioni detengono su di loro, indipendentemente da quando e come vengono compilati (ad esempio, documenti manoscritti, documenti elettronici e manuali conservati in un file strutturato). Si tratta della cosiddetta &#8220;Richiesta di accesso dell&#8217;interessato&#8221;.<\/p>\n<\/p>\n<p><strong style=\"color: #86bc25;\">COMPITI DI MTD DIAGNOSTICS<\/strong><\/p>\n<p>La comprensione e il rispetto dei principi di protezione dei dati sono fondamentali per le responsabilit\u00e0 di MTD Diagnostics in qualit\u00e0 di titolare del trattamento dei dati. Pertanto, MTD Diagnostics, attraverso l&#8217;uso di misure e controlli appropriati:<\/p>\n<\/p>\n<ul>\n<li>garantire l&#8217;esistenza di motivi legittimi per l&#8217;utilizzo dei dati personali.<\/li>\n<li>garantire che l&#8217;uso dei dati sia equo e soddisfi una delle condizioni specificate.<\/li>\n<li>Utilizzare i dati personali sensibili solo se \u00e8 assolutamente necessario e se abbiamo ottenuto il consenso esplicito dell&#8217;individuo (a meno che non si applichi un&#8217;esenzione).<\/li>\n<li>spiegare alle persone, al momento della raccolta dei loro dati personali, come tali informazioni saranno utilizzate.<\/li>\n<li>ottenere e utilizzare i dati personali solo per gli scopi noti all&#8217;individuo.<\/li>\n<li>garantire che i dati personali siano utilizzati solo per lo scopo per cui sono stati forniti. Se abbiamo bisogno di utilizzare i dati per altri scopi, otterremo un ulteriore consenso.<\/li>\n<li>conservare solo i dati personali rilevanti per MTD Diagnostics.<\/li>\n<li>mantenere i dati personali accurati, aggiornati e conservati solo per il tempo necessario.<\/li>\n<li>aderire sempre alla nostra Procedura di richiesta di accesso dell&#8217;interessato ed essere ricettivi a qualsiasi domanda, richiesta o reclamo da parte di individui in relazione ai propri dati personali.<\/li>\n<li>garantire che le persone abbiano l&#8217;opportunit\u00e0 di &#8220;accettare&#8221; di ricevere comunicazioni di massa, e<\/li>\n<li>adottare misure di sicurezza tecniche e organizzative adeguate per salvaguardare i dati personali.<\/li>\n<\/ul>\n<p>Inoltre, MTD Diagnostics garantir\u00e0 che:<\/p>\n<\/p>\n<ul>\n<li>Tutti coloro che gestiscono e gestiscono i dati personali comprendono di essere legalmente responsabili del rispetto delle buone pratiche di protezione dei dati e hanno letto la presente Informativa sulla privacy.<\/li>\n<li>Le richieste relative al trattamento dei dati personali vengono evase tempestivamente.<\/li>\n<li>Le modalit\u00e0 di trattamento dei dati personali sono chiaramente descritte nelle politiche e nelle linee guida.<\/li>\n<li>Vengono effettuati periodicamente un riesame e un audit delle disposizioni in materia di protezione dei dati.<\/li>\n<li>le modalit\u00e0 di trattamento dei dati personali siano regolarmente valutate e valutate, e<\/li>\n<li>Sono in atto protezioni adeguate prima che i dati personali vengano trasferiti a terzi.<\/li>\n<\/ul>\n<p><strong style=\"color: #86bc25;\">RUOLI E RESPONSABILIT\u00c0<\/strong><\/p>\n<\/p>\n<p>DIPENDENTI E COLLABORATORI<\/p>\n<p>MTD Diagnostics adotter\u00e0 le misure necessarie per garantire che tutti coloro che gestiscono e trattano i dati personali comprendano di essere responsabili del rispetto delle buone pratiche di protezione dei dati. I dipendenti riceveranno una formazione e dovranno leggere questa politica come parte del loro inserimento.<\/p>\n<\/p>\n<p>Tutti i dipendenti e gli appaltatori hanno la responsabilit\u00e0 di:<\/p>\n<\/p>\n<ul>\n<li>Osservare tutte le linee guida e i codici di condotta in relazione all&#8217;ottenimento, all&#8217;utilizzo e alla divulgazione dei dati personali.<\/li>\n<li>ottenere e trattare i dati personali solo per finalit\u00e0 specifiche.<\/li>\n<li>accedere solo ai dati personali specificamente necessari per lo svolgimento della propria attivit\u00e0 o.<\/li>\n<li>Registra i dati in modo accurato sia in registri manuali che elettronici.<\/li>\n<li>garantire la sicurezza di tutti i dati personali detenuti.<\/li>\n<li>garantire che i dati personali non siano divulgati in alcuna forma a terzi non autorizzati, e<\/li>\n<li>garantire che i dati personali siano inviati in modo sicuro.<\/li>\n<\/ul>\n<p>Il mancato rispetto da parte di un individuo di qualsiasi guida in questa politica pu\u00f2 comportare un&#8217;azione disciplinare.<\/p>\n<\/p>\n<p><strong style=\"color: #86bc25;\">GESTIONE DI UNA VIOLAZIONE DEI DATI PERSONALI<\/strong><\/p>\n<p>Una violazione dei dati personali pu\u00f2 essere definita in senso lato come un incidente di sicurezza che ha compromesso la riservatezza, l&#8217;integrit\u00e0 o la disponibilit\u00e0 dei dati personali.<\/p>\n<\/p>\n<p>Le violazioni dei dati personali possono includere:<\/p>\n<\/p>\n<ul>\n<li>Accesso da parte di terzi non autorizzati.<\/li>\n<li>Invio di dati personali a un destinatario errato.<\/li>\n<li>dispositivi informatici contenenti dati personali smarriti o rubati.<\/li>\n<li>l&#8217;alterazione dei dati personali senza autorizzazione, e<\/li>\n<li>perdita di disponibilit\u00e0 dei dati personali.<\/li>\n<\/ul>\n<p>Se si sospetta una violazione dei dati, la persona che ha identificato la violazione deve notificarla immediatamente e fornire tutti i dettagli pertinenti in merito alla violazione. A seguito della notifica di una violazione, adotteremo con urgenza le seguenti misure:<\/p>\n<\/p>\n<ul>\n<li>attuare un piano di recupero, che includa la limitazione dei danni.<\/li>\n<li>valutare i rischi associati alla violazione<\/li>\n<li>informare le persone e le organizzazioni competenti che si \u00e8 verificata la violazione, e<\/li>\n<\/ul>\n<p>esaminare la risposta di MTD Diagnostics e aggiornare la sicurezza delle informazioni in modo appropriato<\/p>\n<\/p>\n<p><strong style=\"color: #86bc25;\">GLOSSARIO DEI TERMINI UTILIZZATI NELLA PRESENTE INFORMATIVA<\/strong><\/p>\n<p>Per &#8220;titolare del trattamento&#8221; si intende una persona che (singolarmente o congiuntamente o in comune con altre persone) determina le finalit\u00e0 e le modalit\u00e0 del trattamento dei dati personali. Il titolare del trattamento dei dati ai fini del presente documento \u00e8 MTD Diagnostics.<\/p>\n<\/p>\n<p>Per &#8220;responsabile del trattamento&#8221; si intende qualsiasi persona che tratta dati personali per conto del titolare del trattamento ma non \u00e8 da quest&#8217;ultimo dipendente.<\/p>\n<\/p>\n<p>Per &#8220;interessato&#8221; si intende una persona fisica che \u00e8 oggetto di dati personali. Ci\u00f2 include dipendenti, appaltatori, clienti, consulenti e visitatori.<\/p>\n<\/p>\n<p>&#8220;Trattamento&#8221;: la registrazione o la conservazione di dati o l&#8217;esecuzione di qualsiasi operazione su tali dati, compresa l&#8217;organizzazione, la modifica o l&#8217;adattamento; la comunicazione dei dati o il loro allineamento, la loro combinazione, il loro blocco o la loro cancellazione.<\/p>\n<\/p>\n<p>Per &#8220;richiesta di accesso da parte dell&#8217;interessato&#8221; si intende una richiesta scritta e firmata (che include e-mail e altri formati scritti) da parte di un individuo per vedere i dati personali che MTD Diagnostics detiene su di lui. I titolari del trattamento devono fornire tutte queste informazioni in forma leggibile entro un mese dal ricevimento della richiesta.<\/p>\n<\/p>\n<p>Per &#8220;terza parte&#8221; si intende, in relazione ai dati personali, qualsiasi persona diversa dall&#8217;interessato, dal titolare del trattamento o da qualsiasi responsabile del trattamento o altra persona autorizzata a trattare i dati per conto del titolare o del responsabile del trattamento. Ad esempio, la Polizia.<\/p>\n<\/p>\n<p>Data: 12\/2\/2024<\/p>\n\t\t\t\t\t\t<\/div>\n\t\t\t\t<\/div>\n\t\t\t\t<\/div>\n\t\t\t\t\t\t\t<\/div>\n\t\t","protected":false},"excerpt":{"rendered":"<p>Privacy policy INTRODUZIONE MTD Diagnostics S.r.l. (\u201cMTD Diagnostics\u201d) regards the lawful and correct processing of personal and sensitive data as an integral part of its purpose. MTD Diagnostics S.r.l. (&#8220;MTD Diagnostics&#8221;) considera parte integrante della propria finalit\u00e0 il trattamento lecito e secondo correttezza dei dati personali e sensibili. MTD Diagnostics ritiene che questo sia fondamentale [&hellip;]<\/p>\n","protected":false},"author":1,"featured_media":0,"parent":0,"menu_order":0,"comment_status":"closed","ping_status":"closed","template":"","meta":{"footnotes":""},"class_list":["post-2011","page","type-page","status-publish","hentry"],"yoast_head":"<!-- This site is optimized with the Yoast SEO plugin v24.9 - https:\/\/yoast.com\/wordpress\/plugins\/seo\/ -->\n<title>Privacy policy - MTD - Worldclass Manufacture<\/title>\n<meta name=\"robots\" content=\"index, follow, max-snippet:-1, max-image-preview:large, max-video-preview:-1\" \/>\n<link rel=\"canonical\" href=\"https:\/\/www.mtd-diagnostics.com\/it\/privacy-policy\/\" \/>\n<meta property=\"og:locale\" content=\"it_IT\" \/>\n<meta property=\"og:type\" content=\"article\" \/>\n<meta property=\"og:title\" content=\"Privacy policy - MTD - Worldclass Manufacture\" \/>\n<meta property=\"og:description\" content=\"Privacy policy INTRODUZIONE MTD Diagnostics S.r.l. (\u201cMTD Diagnostics\u201d) regards the lawful and correct processing of personal and sensitive data as an integral part of its purpose. MTD Diagnostics S.r.l. (&#8220;MTD Diagnostics&#8221;) considera parte integrante della propria finalit\u00e0 il trattamento lecito e secondo correttezza dei dati personali e sensibili. MTD Diagnostics ritiene che questo sia fondamentale [&hellip;]\" \/>\n<meta property=\"og:url\" content=\"https:\/\/www.mtd-diagnostics.com\/it\/privacy-policy\/\" \/>\n<meta property=\"og:site_name\" content=\"MTD - Worldclass Manufacture\" \/>\n<meta property=\"article:modified_time\" content=\"2024-03-01T09:55:59+00:00\" \/>\n<meta name=\"twitter:card\" content=\"summary_large_image\" \/>\n<meta name=\"twitter:label1\" content=\"Tempo di lettura stimato\" \/>\n\t<meta name=\"twitter:data1\" content=\"8 minuti\" \/>\n<script type=\"application\/ld+json\" class=\"yoast-schema-graph\">{\"@context\":\"https:\/\/schema.org\",\"@graph\":[{\"@type\":\"WebPage\",\"@id\":\"https:\/\/www.mtd-diagnostics.com\/it\/privacy-policy\/\",\"url\":\"https:\/\/www.mtd-diagnostics.com\/it\/privacy-policy\/\",\"name\":\"Privacy policy - MTD - Worldclass Manufacture\",\"isPartOf\":{\"@id\":\"https:\/\/www.mtd-diagnostics.com\/it\/#website\"},\"datePublished\":\"2024-01-19T11:40:07+00:00\",\"dateModified\":\"2024-03-01T09:55:59+00:00\",\"breadcrumb\":{\"@id\":\"https:\/\/www.mtd-diagnostics.com\/it\/privacy-policy\/#breadcrumb\"},\"inLanguage\":\"it-IT\",\"potentialAction\":[{\"@type\":\"ReadAction\",\"target\":[\"https:\/\/www.mtd-diagnostics.com\/it\/privacy-policy\/\"]}]},{\"@type\":\"BreadcrumbList\",\"@id\":\"https:\/\/www.mtd-diagnostics.com\/it\/privacy-policy\/#breadcrumb\",\"itemListElement\":[{\"@type\":\"ListItem\",\"position\":1,\"name\":\"Home\",\"item\":\"https:\/\/www.mtd-diagnostics.com\/it\/home\/\"},{\"@type\":\"ListItem\",\"position\":2,\"name\":\"Privacy policy\"}]},{\"@type\":\"WebSite\",\"@id\":\"https:\/\/www.mtd-diagnostics.com\/it\/#website\",\"url\":\"https:\/\/www.mtd-diagnostics.com\/it\/\",\"name\":\"MTD - Worldclass Manufacture\",\"description\":\"\",\"publisher\":{\"@id\":\"https:\/\/www.mtd-diagnostics.com\/it\/#organization\"},\"potentialAction\":[{\"@type\":\"SearchAction\",\"target\":{\"@type\":\"EntryPoint\",\"urlTemplate\":\"https:\/\/www.mtd-diagnostics.com\/it\/?s={search_term_string}\"},\"query-input\":{\"@type\":\"PropertyValueSpecification\",\"valueRequired\":true,\"valueName\":\"search_term_string\"}}],\"inLanguage\":\"it-IT\"},{\"@type\":\"Organization\",\"@id\":\"https:\/\/www.mtd-diagnostics.com\/it\/#organization\",\"name\":\"MTD - Worldclass Manufacture\",\"url\":\"https:\/\/www.mtd-diagnostics.com\/it\/\",\"logo\":{\"@type\":\"ImageObject\",\"inLanguage\":\"it-IT\",\"@id\":\"https:\/\/www.mtd-diagnostics.com\/it\/#\/schema\/logo\/image\/\",\"url\":\"https:\/\/www.mtd-diagnostics.com\/wp-content\/uploads\/2023\/12\/MTD-Logo-Marca-Registrada-1.png\",\"contentUrl\":\"https:\/\/www.mtd-diagnostics.com\/wp-content\/uploads\/2023\/12\/MTD-Logo-Marca-Registrada-1.png\",\"width\":1918,\"height\":1040,\"caption\":\"MTD - Worldclass Manufacture\"},\"image\":{\"@id\":\"https:\/\/www.mtd-diagnostics.com\/it\/#\/schema\/logo\/image\/\"}}]}<\/script>\n<!-- \/ Yoast SEO plugin. -->","yoast_head_json":{"title":"Privacy policy - MTD - Worldclass Manufacture","robots":{"index":"index","follow":"follow","max-snippet":"max-snippet:-1","max-image-preview":"max-image-preview:large","max-video-preview":"max-video-preview:-1"},"canonical":"https:\/\/www.mtd-diagnostics.com\/it\/privacy-policy\/","og_locale":"it_IT","og_type":"article","og_title":"Privacy policy - MTD - Worldclass Manufacture","og_description":"Privacy policy INTRODUZIONE MTD Diagnostics S.r.l. (\u201cMTD Diagnostics\u201d) regards the lawful and correct processing of personal and sensitive data as an integral part of its purpose. MTD Diagnostics S.r.l. (&#8220;MTD Diagnostics&#8221;) considera parte integrante della propria finalit\u00e0 il trattamento lecito e secondo correttezza dei dati personali e sensibili. MTD Diagnostics ritiene che questo sia fondamentale [&hellip;]","og_url":"https:\/\/www.mtd-diagnostics.com\/it\/privacy-policy\/","og_site_name":"MTD - Worldclass Manufacture","article_modified_time":"2024-03-01T09:55:59+00:00","twitter_card":"summary_large_image","twitter_misc":{"Tempo di lettura stimato":"8 minuti"},"schema":{"@context":"https:\/\/schema.org","@graph":[{"@type":"WebPage","@id":"https:\/\/www.mtd-diagnostics.com\/it\/privacy-policy\/","url":"https:\/\/www.mtd-diagnostics.com\/it\/privacy-policy\/","name":"Privacy policy - MTD - Worldclass Manufacture","isPartOf":{"@id":"https:\/\/www.mtd-diagnostics.com\/it\/#website"},"datePublished":"2024-01-19T11:40:07+00:00","dateModified":"2024-03-01T09:55:59+00:00","breadcrumb":{"@id":"https:\/\/www.mtd-diagnostics.com\/it\/privacy-policy\/#breadcrumb"},"inLanguage":"it-IT","potentialAction":[{"@type":"ReadAction","target":["https:\/\/www.mtd-diagnostics.com\/it\/privacy-policy\/"]}]},{"@type":"BreadcrumbList","@id":"https:\/\/www.mtd-diagnostics.com\/it\/privacy-policy\/#breadcrumb","itemListElement":[{"@type":"ListItem","position":1,"name":"Home","item":"https:\/\/www.mtd-diagnostics.com\/it\/home\/"},{"@type":"ListItem","position":2,"name":"Privacy policy"}]},{"@type":"WebSite","@id":"https:\/\/www.mtd-diagnostics.com\/it\/#website","url":"https:\/\/www.mtd-diagnostics.com\/it\/","name":"MTD - Worldclass Manufacture","description":"","publisher":{"@id":"https:\/\/www.mtd-diagnostics.com\/it\/#organization"},"potentialAction":[{"@type":"SearchAction","target":{"@type":"EntryPoint","urlTemplate":"https:\/\/www.mtd-diagnostics.com\/it\/?s={search_term_string}"},"query-input":{"@type":"PropertyValueSpecification","valueRequired":true,"valueName":"search_term_string"}}],"inLanguage":"it-IT"},{"@type":"Organization","@id":"https:\/\/www.mtd-diagnostics.com\/it\/#organization","name":"MTD - Worldclass Manufacture","url":"https:\/\/www.mtd-diagnostics.com\/it\/","logo":{"@type":"ImageObject","inLanguage":"it-IT","@id":"https:\/\/www.mtd-diagnostics.com\/it\/#\/schema\/logo\/image\/","url":"https:\/\/www.mtd-diagnostics.com\/wp-content\/uploads\/2023\/12\/MTD-Logo-Marca-Registrada-1.png","contentUrl":"https:\/\/www.mtd-diagnostics.com\/wp-content\/uploads\/2023\/12\/MTD-Logo-Marca-Registrada-1.png","width":1918,"height":1040,"caption":"MTD - Worldclass Manufacture"},"image":{"@id":"https:\/\/www.mtd-diagnostics.com\/it\/#\/schema\/logo\/image\/"}}]}},"_links":{"self":[{"href":"https:\/\/www.mtd-diagnostics.com\/it\/wp-json\/wp\/v2\/pages\/2011","targetHints":{"allow":["GET"]}}],"collection":[{"href":"https:\/\/www.mtd-diagnostics.com\/it\/wp-json\/wp\/v2\/pages"}],"about":[{"href":"https:\/\/www.mtd-diagnostics.com\/it\/wp-json\/wp\/v2\/types\/page"}],"author":[{"embeddable":true,"href":"https:\/\/www.mtd-diagnostics.com\/it\/wp-json\/wp\/v2\/users\/1"}],"replies":[{"embeddable":true,"href":"https:\/\/www.mtd-diagnostics.com\/it\/wp-json\/wp\/v2\/comments?post=2011"}],"version-history":[{"count":1,"href":"https:\/\/www.mtd-diagnostics.com\/it\/wp-json\/wp\/v2\/pages\/2011\/revisions"}],"predecessor-version":[{"id":2012,"href":"https:\/\/www.mtd-diagnostics.com\/it\/wp-json\/wp\/v2\/pages\/2011\/revisions\/2012"}],"wp:attachment":[{"href":"https:\/\/www.mtd-diagnostics.com\/it\/wp-json\/wp\/v2\/media?parent=2011"}],"curies":[{"name":"wp","href":"https:\/\/api.w.org\/{rel}","templated":true}]}}