{"id":2005,"date":"2024-01-19T13:10:43","date_gmt":"2024-01-19T12:10:43","guid":{"rendered":"https:\/\/www.mtd-diagnostics.com\/politica-sui-cookie\/"},"modified":"2024-03-01T09:56:55","modified_gmt":"2024-03-01T08:56:55","slug":"politica-sui-cookie","status":"publish","type":"page","link":"https:\/\/www.mtd-diagnostics.com\/it\/politica-sui-cookie\/","title":{"rendered":"Politica sui cookie"},"content":{"rendered":"\t\t<div data-elementor-type=\"wp-page\" data-elementor-id=\"2005\" class=\"elementor elementor-2005 elementor-1043\" data-elementor-post-type=\"page\">\n\t\t\t\t\t\t\t<div class=\"elementor-element elementor-element-b5f31cd e-con-full e-flex e-con e-parent\" data-id=\"b5f31cd\" data-element_type=\"container\" data-settings=\"{&quot;content_width&quot;:&quot;full&quot;,&quot;background_background&quot;:&quot;classic&quot;}\" data-core-v316-plus=\"true\">\n\t\t\t\t<div class=\"elementor-element elementor-element-a829eca elementor-widget elementor-widget-heading\" data-id=\"a829eca\" data-element_type=\"widget\" data-widget_type=\"heading.default\">\n\t\t\t\t<div class=\"elementor-widget-container\">\n\t\t\t<style>\/*! elementor - v3.18.0 - 20-12-2023 *\/\n.elementor-heading-title{padding:0;margin:0;line-height:1}.elementor-widget-heading .elementor-heading-title[class*=elementor-size-]>a{color:inherit;font-size:inherit;line-height:inherit}.elementor-widget-heading .elementor-heading-title.elementor-size-small{font-size:15px}.elementor-widget-heading .elementor-heading-title.elementor-size-medium{font-size:19px}.elementor-widget-heading .elementor-heading-title.elementor-size-large{font-size:29px}.elementor-widget-heading .elementor-heading-title.elementor-size-xl{font-size:39px}.elementor-widget-heading .elementor-heading-title.elementor-size-xxl{font-size:59px}<\/style><h2 class=\"elementor-heading-title elementor-size-default\">Informativa sui cookie  <\/h2>\t\t<\/div>\n\t\t\t\t<\/div>\n\t\t\t\t<\/div>\n\t\t<div class=\"elementor-element elementor-element-1d56446 e-con-full e-flex e-con e-parent\" data-id=\"1d56446\" data-element_type=\"container\" data-settings=\"{&quot;content_width&quot;:&quot;full&quot;}\" data-core-v316-plus=\"true\">\n\t\t\t\t<div class=\"elementor-element elementor-element-ea5ccb9 elementor-widget elementor-widget-text-editor\" data-id=\"ea5ccb9\" data-element_type=\"widget\" data-widget_type=\"text-editor.default\">\n\t\t\t\t<div class=\"elementor-widget-container\">\n\t\t\t<style>\/*! elementor - v3.18.0 - 20-12-2023 *\/\n.elementor-widget-text-editor.elementor-drop-cap-view-stacked .elementor-drop-cap{background-color:#69727d;color:#fff}.elementor-widget-text-editor.elementor-drop-cap-view-framed .elementor-drop-cap{color:#69727d;border:3px solid;background-color:transparent}.elementor-widget-text-editor:not(.elementor-drop-cap-view-default) .elementor-drop-cap{margin-top:8px}.elementor-widget-text-editor:not(.elementor-drop-cap-view-default) .elementor-drop-cap-letter{width:1em;height:1em}.elementor-widget-text-editor .elementor-drop-cap{float:left;text-align:center;line-height:1;font-size:50px}.elementor-widget-text-editor .elementor-drop-cap-letter{display:inline-block}<\/style>\t\t\t\t<p><strong style=\"color: #86bc25;\">COSA SONO I COOKIE<\/strong><\/p>\n<p>Come \u00e8 pratica comune con quasi tutti i siti web professionali, questo sito utilizza i cookie, che sono piccoli file che vengono scaricati sul tuo computer, per migliorare la tua esperienza. Questa pagina descrive quali informazioni raccolgono, come le utilizziamo e perch\u00e9 a volte abbiamo bisogno di memorizzare questi cookie. Condivideremo anche come \u00e8 possibile impedire che questi cookie vengano memorizzati, tuttavia ci\u00f2 potrebbe ridurre o &#8220;interrompere&#8221; alcuni elementi della funzionalit\u00e0 del sito.<\/p>\n<\/p>\n<p><strong style=\"color: #86bc25;\">COME UTILIZZIAMO I COOKIE<\/strong><\/p>\n<p>Utilizziamo i cookie per una serie di motivi descritti di seguito. Purtroppo, nella maggior parte dei casi, non ci sono opzioni standard del settore per disabilitare i cookie senza disabilitare completamente le funzionalit\u00e0 e le caratteristiche che aggiungono a questo sito. Si consiglia di lasciare attivi tutti i cookie se non si \u00e8 sicuri di averne bisogno o meno nel caso in cui vengano utilizzati per fornire un servizio che si utilizza.<\/p>\n<\/p>\n<p><strong style=\"color: #86bc25;\">DISABILITAZIONE DEI COOKIE<\/strong><\/p>\n<p>\u00c8 possibile impedire l&#8217;impostazione dei cookie modificando le impostazioni del browser (consultare la Guida del browser per informazioni su come eseguire questa operazione). Tieni presente che la disabilitazione dei cookie influir\u00e0 sulla funzionalit\u00e0 di questo e di molti altri siti Web che visiti. La disabilitazione dei cookie di solito comporta anche la disabilitazione di alcune funzionalit\u00e0 e caratteristiche di questo sito. Pertanto si consiglia di non disabilitare i cookie.<\/p>\n<\/p>\n<p><strong style=\"color: #86bc25;\">I COOKIE CHE IMPOSTIAMO<\/strong><\/p>\n<ul>\n<li>Cookie relativi ai moduli: quando si inviano dati tramite un modulo, come quelli che si trovano nelle pagine di contatto o nei moduli di commento, i cookie possono essere impostati per ricordare i dettagli dell&#8217;utente per la corrispondenza futura.<\/li>\n<\/ul>\n<ul>\n<li>Cookie delle preferenze del sito: al fine di fornirti un&#8217;ottima esperienza su questo sito, forniamo la funzionalit\u00e0 per impostare le tue preferenze su come funziona questo sito quando lo utilizzi. Per ricordare le tue preferenze, abbiamo bisogno di impostare i cookie in modo che queste informazioni possano essere richiamate ogni volta che interagisci con una pagina che \u00e8 influenzata dalle tue preferenze.<\/li>\n<\/ul>\n<ul>\n<li>Cookie di terze parti: in alcuni casi particolari utilizziamo anche cookie forniti da terze parti di fiducia. La sezione seguente descrive in dettaglio quali cookie di terze parti potresti incontrare attraverso questo sito.<\/li>\n<\/ul>\n<p>Questo sito utilizza Google Analytics, che \u00e8 una delle soluzioni di analisi pi\u00f9 diffuse e affidabili sul web per aiutarci a capire come utilizzi il sito e i modi in cui possiamo migliorare la tua esperienza. Questi cookie possono tenere traccia di elementi come il tempo trascorso sul sito e le pagine visitate, in modo da poter continuare a produrre contenuti accattivanti.<\/p>\n<\/p>\n<p>Per maggiori informazioni sui cookie di Google Analytics, consultare la pagina ufficiale di Google Analytics.<\/p>\n<\/p>\n<p>Di tanto in tanto testiamo nuove funzionalit\u00e0 e apportiamo lievi modifiche al modo in cui il sito viene fornito. Quando stiamo ancora testando nuove funzionalit\u00e0, questi cookie possono essere utilizzati per garantire che tu riceva un&#8217;esperienza coerente mentre sei sul sito, assicurandoci di capire quali ottimizzazioni i nostri utenti apprezzano di pi\u00f9.<\/p>\n<\/p>\n<p>Il servizio Google AdSense che utilizziamo per pubblicare annunci pubblicitari utilizza un cookie DoubleClick per pubblicare annunci pi\u00f9 pertinenti sul Web e limitare il numero di volte in cui un determinato annuncio viene mostrato all&#8217;utente.<\/p>\n<\/p>\n<p>Per ulteriori informazioni su Google AdSense, consulta le FAQ ufficiali sulla privacy di Google AdSense.<\/p>\n<\/p>\n<p><strong style=\"color: #86bc25;\">MAGGIORI INFORMAZIONI<\/strong><\/p>\n<p>Per informazioni pi\u00f9 generali sui cookie, puoi contattarci attraverso uno dei nostri metodi di contatto preferiti: e-mail (info@mtd-diagnostics.com).<\/p>\n\t\t\t\t\t\t<\/div>\n\t\t\t\t<\/div>\n\t\t\t\t<\/div>\n\t\t\t\t\t\t\t<\/div>\n\t\t","protected":false},"excerpt":{"rendered":"<p>Informativa sui cookie COSA SONO I COOKIE Come \u00e8 pratica comune con quasi tutti i siti web professionali, questo sito utilizza i cookie, che sono piccoli file che vengono scaricati sul tuo computer, per migliorare la tua esperienza. Questa pagina descrive quali informazioni raccolgono, come le utilizziamo e perch\u00e9 a volte abbiamo bisogno di memorizzare [&hellip;]<\/p>\n","protected":false},"author":1,"featured_media":0,"parent":0,"menu_order":0,"comment_status":"closed","ping_status":"closed","template":"","meta":{"footnotes":""},"class_list":["post-2005","page","type-page","status-publish","hentry"],"yoast_head":"<!-- This site is optimized with the Yoast SEO plugin v24.9 - https:\/\/yoast.com\/wordpress\/plugins\/seo\/ -->\n<title>Politica sui cookie - MTD - Worldclass Manufacture<\/title>\n<meta name=\"robots\" content=\"index, follow, max-snippet:-1, max-image-preview:large, max-video-preview:-1\" \/>\n<link rel=\"canonical\" href=\"https:\/\/www.mtd-diagnostics.com\/it\/politica-sui-cookie\/\" \/>\n<meta property=\"og:locale\" content=\"it_IT\" \/>\n<meta property=\"og:type\" content=\"article\" \/>\n<meta property=\"og:title\" content=\"Politica sui cookie - MTD - Worldclass Manufacture\" \/>\n<meta property=\"og:description\" content=\"Informativa sui cookie COSA SONO I COOKIE Come \u00e8 pratica comune con quasi tutti i siti web professionali, questo sito utilizza i cookie, che sono piccoli file che vengono scaricati sul tuo computer, per migliorare la tua esperienza. Questa pagina descrive quali informazioni raccolgono, come le utilizziamo e perch\u00e9 a volte abbiamo bisogno di memorizzare [&hellip;]\" \/>\n<meta property=\"og:url\" content=\"https:\/\/www.mtd-diagnostics.com\/it\/politica-sui-cookie\/\" \/>\n<meta property=\"og:site_name\" content=\"MTD - Worldclass Manufacture\" \/>\n<meta property=\"article:modified_time\" content=\"2024-03-01T08:56:55+00:00\" \/>\n<meta name=\"twitter:card\" content=\"summary_large_image\" \/>\n<meta name=\"twitter:label1\" content=\"Tempo di lettura stimato\" \/>\n\t<meta name=\"twitter:data1\" content=\"3 minuti\" \/>\n<script type=\"application\/ld+json\" class=\"yoast-schema-graph\">{\"@context\":\"https:\/\/schema.org\",\"@graph\":[{\"@type\":\"WebPage\",\"@id\":\"https:\/\/www.mtd-diagnostics.com\/it\/politica-sui-cookie\/\",\"url\":\"https:\/\/www.mtd-diagnostics.com\/it\/politica-sui-cookie\/\",\"name\":\"Politica sui cookie - MTD - Worldclass Manufacture\",\"isPartOf\":{\"@id\":\"https:\/\/www.mtd-diagnostics.com\/it\/#website\"},\"datePublished\":\"2024-01-19T12:10:43+00:00\",\"dateModified\":\"2024-03-01T08:56:55+00:00\",\"breadcrumb\":{\"@id\":\"https:\/\/www.mtd-diagnostics.com\/it\/politica-sui-cookie\/#breadcrumb\"},\"inLanguage\":\"it-IT\",\"potentialAction\":[{\"@type\":\"ReadAction\",\"target\":[\"https:\/\/www.mtd-diagnostics.com\/it\/politica-sui-cookie\/\"]}]},{\"@type\":\"BreadcrumbList\",\"@id\":\"https:\/\/www.mtd-diagnostics.com\/it\/politica-sui-cookie\/#breadcrumb\",\"itemListElement\":[{\"@type\":\"ListItem\",\"position\":1,\"name\":\"Home\",\"item\":\"https:\/\/www.mtd-diagnostics.com\/it\/home\/\"},{\"@type\":\"ListItem\",\"position\":2,\"name\":\"Politica sui cookie\"}]},{\"@type\":\"WebSite\",\"@id\":\"https:\/\/www.mtd-diagnostics.com\/it\/#website\",\"url\":\"https:\/\/www.mtd-diagnostics.com\/it\/\",\"name\":\"MTD - Worldclass Manufacture\",\"description\":\"\",\"publisher\":{\"@id\":\"https:\/\/www.mtd-diagnostics.com\/it\/#organization\"},\"potentialAction\":[{\"@type\":\"SearchAction\",\"target\":{\"@type\":\"EntryPoint\",\"urlTemplate\":\"https:\/\/www.mtd-diagnostics.com\/it\/?s={search_term_string}\"},\"query-input\":{\"@type\":\"PropertyValueSpecification\",\"valueRequired\":true,\"valueName\":\"search_term_string\"}}],\"inLanguage\":\"it-IT\"},{\"@type\":\"Organization\",\"@id\":\"https:\/\/www.mtd-diagnostics.com\/it\/#organization\",\"name\":\"MTD - Worldclass Manufacture\",\"url\":\"https:\/\/www.mtd-diagnostics.com\/it\/\",\"logo\":{\"@type\":\"ImageObject\",\"inLanguage\":\"it-IT\",\"@id\":\"https:\/\/www.mtd-diagnostics.com\/it\/#\/schema\/logo\/image\/\",\"url\":\"https:\/\/www.mtd-diagnostics.com\/wp-content\/uploads\/2023\/12\/MTD-Logo-Marca-Registrada-1.png\",\"contentUrl\":\"https:\/\/www.mtd-diagnostics.com\/wp-content\/uploads\/2023\/12\/MTD-Logo-Marca-Registrada-1.png\",\"width\":1918,\"height\":1040,\"caption\":\"MTD - Worldclass Manufacture\"},\"image\":{\"@id\":\"https:\/\/www.mtd-diagnostics.com\/it\/#\/schema\/logo\/image\/\"}}]}<\/script>\n<!-- \/ Yoast SEO plugin. -->","yoast_head_json":{"title":"Politica sui cookie - MTD - Worldclass Manufacture","robots":{"index":"index","follow":"follow","max-snippet":"max-snippet:-1","max-image-preview":"max-image-preview:large","max-video-preview":"max-video-preview:-1"},"canonical":"https:\/\/www.mtd-diagnostics.com\/it\/politica-sui-cookie\/","og_locale":"it_IT","og_type":"article","og_title":"Politica sui cookie - MTD - Worldclass Manufacture","og_description":"Informativa sui cookie COSA SONO I COOKIE Come \u00e8 pratica comune con quasi tutti i siti web professionali, questo sito utilizza i cookie, che sono piccoli file che vengono scaricati sul tuo computer, per migliorare la tua esperienza. Questa pagina descrive quali informazioni raccolgono, come le utilizziamo e perch\u00e9 a volte abbiamo bisogno di memorizzare [&hellip;]","og_url":"https:\/\/www.mtd-diagnostics.com\/it\/politica-sui-cookie\/","og_site_name":"MTD - Worldclass Manufacture","article_modified_time":"2024-03-01T08:56:55+00:00","twitter_card":"summary_large_image","twitter_misc":{"Tempo di lettura stimato":"3 minuti"},"schema":{"@context":"https:\/\/schema.org","@graph":[{"@type":"WebPage","@id":"https:\/\/www.mtd-diagnostics.com\/it\/politica-sui-cookie\/","url":"https:\/\/www.mtd-diagnostics.com\/it\/politica-sui-cookie\/","name":"Politica sui cookie - MTD - Worldclass Manufacture","isPartOf":{"@id":"https:\/\/www.mtd-diagnostics.com\/it\/#website"},"datePublished":"2024-01-19T12:10:43+00:00","dateModified":"2024-03-01T08:56:55+00:00","breadcrumb":{"@id":"https:\/\/www.mtd-diagnostics.com\/it\/politica-sui-cookie\/#breadcrumb"},"inLanguage":"it-IT","potentialAction":[{"@type":"ReadAction","target":["https:\/\/www.mtd-diagnostics.com\/it\/politica-sui-cookie\/"]}]},{"@type":"BreadcrumbList","@id":"https:\/\/www.mtd-diagnostics.com\/it\/politica-sui-cookie\/#breadcrumb","itemListElement":[{"@type":"ListItem","position":1,"name":"Home","item":"https:\/\/www.mtd-diagnostics.com\/it\/home\/"},{"@type":"ListItem","position":2,"name":"Politica sui cookie"}]},{"@type":"WebSite","@id":"https:\/\/www.mtd-diagnostics.com\/it\/#website","url":"https:\/\/www.mtd-diagnostics.com\/it\/","name":"MTD - Worldclass Manufacture","description":"","publisher":{"@id":"https:\/\/www.mtd-diagnostics.com\/it\/#organization"},"potentialAction":[{"@type":"SearchAction","target":{"@type":"EntryPoint","urlTemplate":"https:\/\/www.mtd-diagnostics.com\/it\/?s={search_term_string}"},"query-input":{"@type":"PropertyValueSpecification","valueRequired":true,"valueName":"search_term_string"}}],"inLanguage":"it-IT"},{"@type":"Organization","@id":"https:\/\/www.mtd-diagnostics.com\/it\/#organization","name":"MTD - Worldclass Manufacture","url":"https:\/\/www.mtd-diagnostics.com\/it\/","logo":{"@type":"ImageObject","inLanguage":"it-IT","@id":"https:\/\/www.mtd-diagnostics.com\/it\/#\/schema\/logo\/image\/","url":"https:\/\/www.mtd-diagnostics.com\/wp-content\/uploads\/2023\/12\/MTD-Logo-Marca-Registrada-1.png","contentUrl":"https:\/\/www.mtd-diagnostics.com\/wp-content\/uploads\/2023\/12\/MTD-Logo-Marca-Registrada-1.png","width":1918,"height":1040,"caption":"MTD - Worldclass Manufacture"},"image":{"@id":"https:\/\/www.mtd-diagnostics.com\/it\/#\/schema\/logo\/image\/"}}]}},"_links":{"self":[{"href":"https:\/\/www.mtd-diagnostics.com\/it\/wp-json\/wp\/v2\/pages\/2005","targetHints":{"allow":["GET"]}}],"collection":[{"href":"https:\/\/www.mtd-diagnostics.com\/it\/wp-json\/wp\/v2\/pages"}],"about":[{"href":"https:\/\/www.mtd-diagnostics.com\/it\/wp-json\/wp\/v2\/types\/page"}],"author":[{"embeddable":true,"href":"https:\/\/www.mtd-diagnostics.com\/it\/wp-json\/wp\/v2\/users\/1"}],"replies":[{"embeddable":true,"href":"https:\/\/www.mtd-diagnostics.com\/it\/wp-json\/wp\/v2\/comments?post=2005"}],"version-history":[{"count":4,"href":"https:\/\/www.mtd-diagnostics.com\/it\/wp-json\/wp\/v2\/pages\/2005\/revisions"}],"predecessor-version":[{"id":2009,"href":"https:\/\/www.mtd-diagnostics.com\/it\/wp-json\/wp\/v2\/pages\/2005\/revisions\/2009"}],"wp:attachment":[{"href":"https:\/\/www.mtd-diagnostics.com\/it\/wp-json\/wp\/v2\/media?parent=2005"}],"curies":[{"name":"wp","href":"https:\/\/api.w.org\/{rel}","templated":true}]}}