{"id":2094,"date":"2024-01-16T11:22:43","date_gmt":"2024-01-16T10:22:43","guid":{"rendered":"https:\/\/www.mtd-diagnostics.com\/soluciones-de-lavado\/"},"modified":"2024-03-04T16:32:26","modified_gmt":"2024-03-04T15:32:26","slug":"soluciones-de-lavado","status":"publish","type":"page","link":"https:\/\/www.mtd-diagnostics.com\/es\/soluciones-de-lavado\/","title":{"rendered":"Soluciones detergentes"},"content":{"rendered":"\t\t<div data-elementor-type=\"wp-page\" data-elementor-id=\"2094\" class=\"elementor elementor-2094 elementor-506\" data-elementor-post-type=\"page\">\n\t\t\t\t\t\t\t<div class=\"elementor-element elementor-element-731d51b e-con-full e-flex e-con e-parent\" data-id=\"731d51b\" data-element_type=\"container\" data-settings=\"{&quot;content_width&quot;:&quot;full&quot;}\" data-core-v316-plus=\"true\">\n\t\t<div class=\"elementor-element elementor-element-8f20e1d e-con-full e-flex e-con e-child\" data-id=\"8f20e1d\" data-element_type=\"container\" data-settings=\"{&quot;content_width&quot;:&quot;full&quot;,&quot;background_background&quot;:&quot;classic&quot;}\">\n\t\t<div class=\"elementor-element elementor-element-bf536a4 e-con-full e-flex e-con e-child\" data-id=\"bf536a4\" data-element_type=\"container\" data-settings=\"{&quot;content_width&quot;:&quot;full&quot;}\">\n\t\t\t\t<div class=\"elementor-element elementor-element-980ab55 elementor-invisible elementor-widget elementor-widget-heading\" data-id=\"980ab55\" data-element_type=\"widget\" data-settings=\"{&quot;_animation&quot;:&quot;fadeInUp&quot;}\" data-widget_type=\"heading.default\">\n\t\t\t\t<div class=\"elementor-widget-container\">\n\t\t\t<style>\/*! elementor - v3.18.0 - 20-12-2023 *\/\n.elementor-heading-title{padding:0;margin:0;line-height:1}.elementor-widget-heading .elementor-heading-title[class*=elementor-size-]>a{color:inherit;font-size:inherit;line-height:inherit}.elementor-widget-heading .elementor-heading-title.elementor-size-small{font-size:15px}.elementor-widget-heading .elementor-heading-title.elementor-size-medium{font-size:19px}.elementor-widget-heading .elementor-heading-title.elementor-size-large{font-size:29px}.elementor-widget-heading .elementor-heading-title.elementor-size-xl{font-size:39px}.elementor-widget-heading .elementor-heading-title.elementor-size-xxl{font-size:59px}<\/style><h2 class=\"elementor-heading-title elementor-size-default\">Soluciones de lavado<\/h2>\t\t<\/div>\n\t\t\t\t<\/div>\n\t\t\t\t<\/div>\n\t\t\t\t<\/div>\n\t\t\t\t<\/div>\n\t\t<div class=\"elementor-element elementor-element-bcdff56 e-con-full e-flex e-con e-parent\" data-id=\"bcdff56\" data-element_type=\"container\" data-settings=\"{&quot;content_width&quot;:&quot;full&quot;,&quot;background_background&quot;:&quot;classic&quot;}\" data-core-v316-plus=\"true\">\n\t\t<div class=\"elementor-element elementor-element-82e6100 e-con-full e-flex e-con e-child\" data-id=\"82e6100\" data-element_type=\"container\" data-settings=\"{&quot;content_width&quot;:&quot;full&quot;,&quot;background_background&quot;:&quot;classic&quot;,&quot;position&quot;:&quot;absolute&quot;,&quot;motion_fx_motion_fx_scrolling&quot;:&quot;yes&quot;,&quot;motion_fx_translateY_effect&quot;:&quot;yes&quot;,&quot;motion_fx_translateY_speed&quot;:{&quot;unit&quot;:&quot;px&quot;,&quot;size&quot;:4,&quot;sizes&quot;:[]},&quot;motion_fx_translateY_affectedRange&quot;:{&quot;unit&quot;:&quot;%&quot;,&quot;size&quot;:&quot;&quot;,&quot;sizes&quot;:{&quot;start&quot;:0,&quot;end&quot;:100}},&quot;motion_fx_devices&quot;:[&quot;desktop&quot;,&quot;tablet&quot;,&quot;mobile&quot;]}\">\n\t\t\t\t<\/div>\n\t\t<div class=\"elementor-element elementor-element-aff727d e-con-full e-flex e-con e-child\" data-id=\"aff727d\" data-element_type=\"container\" data-settings=\"{&quot;content_width&quot;:&quot;full&quot;,&quot;background_background&quot;:&quot;classic&quot;,&quot;position&quot;:&quot;absolute&quot;,&quot;motion_fx_motion_fx_scrolling&quot;:&quot;yes&quot;,&quot;motion_fx_translateY_effect&quot;:&quot;yes&quot;,&quot;motion_fx_translateY_speed&quot;:{&quot;unit&quot;:&quot;px&quot;,&quot;size&quot;:4,&quot;sizes&quot;:[]},&quot;motion_fx_translateY_affectedRange&quot;:{&quot;unit&quot;:&quot;%&quot;,&quot;size&quot;:&quot;&quot;,&quot;sizes&quot;:{&quot;start&quot;:0,&quot;end&quot;:100}},&quot;motion_fx_devices&quot;:[&quot;desktop&quot;,&quot;tablet&quot;,&quot;mobile&quot;]}\">\n\t\t\t\t<\/div>\n\t\t<div class=\"elementor-element elementor-element-7f5e6d8 e-con-full e-flex e-con e-child\" data-id=\"7f5e6d8\" data-element_type=\"container\" data-settings=\"{&quot;content_width&quot;:&quot;full&quot;}\">\n\t\t<div class=\"elementor-element elementor-element-902c709 e-con-full e-flex e-con e-child\" data-id=\"902c709\" data-element_type=\"container\" data-settings=\"{&quot;content_width&quot;:&quot;full&quot;}\">\n\t\t<div class=\"elementor-element elementor-element-feaf3e2 e-con-full e-flex e-con e-child\" data-id=\"feaf3e2\" data-element_type=\"container\" data-settings=\"{&quot;content_width&quot;:&quot;full&quot;,&quot;background_background&quot;:&quot;classic&quot;}\">\n\t\t\t\t<div class=\"elementor-element elementor-element-1192a8f elementor-widget elementor-widget-toggle\" data-id=\"1192a8f\" data-element_type=\"widget\" data-widget_type=\"toggle.default\">\n\t\t\t\t<div class=\"elementor-widget-container\">\n\t\t\t<style>\/*! elementor - v3.18.0 - 20-12-2023 *\/\n.elementor-toggle{text-align:left}.elementor-toggle .elementor-tab-title{font-weight:700;line-height:1;margin:0;padding:15px;border-bottom:1px solid #d5d8dc;cursor:pointer;outline:none}.elementor-toggle .elementor-tab-title .elementor-toggle-icon{display:inline-block;width:1em}.elementor-toggle .elementor-tab-title .elementor-toggle-icon svg{margin-inline-start:-5px;width:1em;height:1em}.elementor-toggle .elementor-tab-title .elementor-toggle-icon.elementor-toggle-icon-right{float:right;text-align:right}.elementor-toggle .elementor-tab-title .elementor-toggle-icon.elementor-toggle-icon-left{float:left;text-align:left}.elementor-toggle .elementor-tab-title .elementor-toggle-icon .elementor-toggle-icon-closed{display:block}.elementor-toggle .elementor-tab-title .elementor-toggle-icon .elementor-toggle-icon-opened{display:none}.elementor-toggle .elementor-tab-title.elementor-active{border-bottom:none}.elementor-toggle .elementor-tab-title.elementor-active .elementor-toggle-icon-closed{display:none}.elementor-toggle .elementor-tab-title.elementor-active .elementor-toggle-icon-opened{display:block}.elementor-toggle .elementor-tab-content{padding:15px;border-bottom:1px solid #d5d8dc;display:none}@media (max-width:767px){.elementor-toggle .elementor-tab-title{padding:12px}.elementor-toggle .elementor-tab-content{padding:12px 10px}}.e-con-inner>.elementor-widget-toggle,.e-con>.elementor-widget-toggle{width:var(--container-widget-width);--flex-grow:var(--container-widget-flex-grow)}<\/style>\t\t<div class=\"elementor-toggle\">\n\t\t\t\t\t\t\t<div class=\"elementor-toggle-item\">\n\t\t\t\t\t<h5 id=\"elementor-tab-title-1841\" class=\"elementor-tab-title\" data-tab=\"1\" role=\"button\" aria-controls=\"elementor-tab-content-1841\" aria-expanded=\"false\">\n\t\t\t\t\t\t\t\t\t\t\t\t<span class=\"elementor-toggle-icon elementor-toggle-icon-left\" aria-hidden=\"true\">\n\t\t\t\t\t\t\t\t\t\t\t\t\t\t\t<span class=\"elementor-toggle-icon-closed\"><svg class=\"e-font-icon-svg e-fas-caret-right\" viewBox=\"0 0 192 512\" xmlns=\"http:\/\/www.w3.org\/2000\/svg\"><path d=\"M0 384.662V127.338c0-17.818 21.543-26.741 34.142-14.142l128.662 128.662c7.81 7.81 7.81 20.474 0 28.284L34.142 398.804C21.543 411.404 0 402.48 0 384.662z\"><\/path><\/svg><\/span>\n\t\t\t\t\t\t\t\t<span class=\"elementor-toggle-icon-opened\"><svg class=\"elementor-toggle-icon-opened e-font-icon-svg e-fas-caret-up\" viewBox=\"0 0 320 512\" xmlns=\"http:\/\/www.w3.org\/2000\/svg\"><path d=\"M288.662 352H31.338c-17.818 0-26.741-21.543-14.142-34.142l128.662-128.662c7.81-7.81 20.474-7.81 28.284 0l128.662 128.662c12.6 12.599 3.676 34.142-14.142 34.142z\"><\/path><\/svg><\/span>\n\t\t\t\t\t\t\t\t\t\t\t\t\t<\/span>\n\t\t\t\t\t\t\t\t\t\t\t\t<a class=\"elementor-toggle-title\" tabindex=\"0\">Soluci\u00f3n \u00e1cida de lavado<\/a>\n\t\t\t\t\t<\/h5>\n\n\t\t\t\t\t<div id=\"elementor-tab-content-1841\" class=\"elementor-tab-content elementor-clearfix\" data-tab=\"1\" role=\"region\" aria-labelledby=\"elementor-tab-title-1841\"><table width=\"418\">\n<tbody>\n<tr>\n<td width=\"195\">Acid Washing Solution<\/td>\n<td width=\"75\">4&#215;50 mL<\/td>\n<td width=\"75\">REF:<\/td>\n<td width=\"73\">BT-393E<\/td>\n<\/tr>\n<\/tbody>\n<\/table>\n<\/div>\n\t\t\t\t<\/div>\n\t\t\t\t\t\t\t\t<\/div>\n\t\t\t\t<\/div>\n\t\t\t\t<\/div>\n\t\t\t\t<\/div>\n\t\t\t\t<\/div>\n\t\t<div class=\"elementor-element elementor-element-e236891 e-con-full e-flex e-con e-child\" data-id=\"e236891\" data-element_type=\"container\" data-settings=\"{&quot;content_width&quot;:&quot;full&quot;}\">\n\t\t<div class=\"elementor-element elementor-element-691cd39 e-con-full e-flex e-con e-child\" data-id=\"691cd39\" data-element_type=\"container\" data-settings=\"{&quot;content_width&quot;:&quot;full&quot;,&quot;background_background&quot;:&quot;classic&quot;}\">\n\t\t\t\t<div class=\"elementor-element elementor-element-1fead52 elementor-widget elementor-widget-toggle\" data-id=\"1fead52\" data-element_type=\"widget\" data-widget_type=\"toggle.default\">\n\t\t\t\t<div class=\"elementor-widget-container\">\n\t\t\t\t\t<div class=\"elementor-toggle\">\n\t\t\t\t\t\t\t<div class=\"elementor-toggle-item\">\n\t\t\t\t\t<h5 id=\"elementor-tab-title-3341\" class=\"elementor-tab-title\" data-tab=\"1\" role=\"button\" aria-controls=\"elementor-tab-content-3341\" aria-expanded=\"false\">\n\t\t\t\t\t\t\t\t\t\t\t\t<span class=\"elementor-toggle-icon elementor-toggle-icon-left\" aria-hidden=\"true\">\n\t\t\t\t\t\t\t\t\t\t\t\t\t\t\t<span class=\"elementor-toggle-icon-closed\"><svg class=\"e-font-icon-svg e-fas-caret-right\" viewBox=\"0 0 192 512\" xmlns=\"http:\/\/www.w3.org\/2000\/svg\"><path d=\"M0 384.662V127.338c0-17.818 21.543-26.741 34.142-14.142l128.662 128.662c7.81 7.81 7.81 20.474 0 28.284L34.142 398.804C21.543 411.404 0 402.48 0 384.662z\"><\/path><\/svg><\/span>\n\t\t\t\t\t\t\t\t<span class=\"elementor-toggle-icon-opened\"><svg class=\"elementor-toggle-icon-opened e-font-icon-svg e-fas-caret-up\" viewBox=\"0 0 320 512\" xmlns=\"http:\/\/www.w3.org\/2000\/svg\"><path d=\"M288.662 352H31.338c-17.818 0-26.741-21.543-14.142-34.142l128.662-128.662c7.81-7.81 20.474-7.81 28.284 0l128.662 128.662c12.6 12.599 3.676 34.142-14.142 34.142z\"><\/path><\/svg><\/span>\n\t\t\t\t\t\t\t\t\t\t\t\t\t<\/span>\n\t\t\t\t\t\t\t\t\t\t\t\t<a class=\"elementor-toggle-title\" tabindex=\"0\">Soluci\u00f3n de lavado cubetas<\/a>\n\t\t\t\t\t<\/h5>\n\n\t\t\t\t\t<div id=\"elementor-tab-content-3341\" class=\"elementor-tab-content elementor-clearfix\" data-tab=\"1\" role=\"region\" aria-labelledby=\"elementor-tab-title-3341\"><table width=\"418\">\n<tbody>\n<tr>\n<td width=\"195\">Cuvette Washing Solution<\/td>\n<td width=\"75\">4&#215;100 mL<\/td>\n<td width=\"75\">REF:<\/td>\n<td width=\"73\">AC1020<\/td>\n<\/tr>\n<tr>\n<td>Cuvette Washing Solution<\/td>\n<td>1&#215;1000 mL<\/td>\n<td>REF:<\/td>\n<td>BT-393<\/td>\n<\/tr>\n<\/tbody>\n<\/table>\n<\/div>\n\t\t\t\t<\/div>\n\t\t\t\t\t\t\t\t<\/div>\n\t\t\t\t<\/div>\n\t\t\t\t<\/div>\n\t\t\t\t<\/div>\n\t\t\t\t<\/div>\n\t\t<div class=\"elementor-element elementor-element-e8e8e00 e-con-full e-flex e-con e-child\" data-id=\"e8e8e00\" data-element_type=\"container\" data-settings=\"{&quot;content_width&quot;:&quot;full&quot;}\">\n\t\t<div class=\"elementor-element elementor-element-2bb065a e-con-full e-flex e-con e-child\" data-id=\"2bb065a\" data-element_type=\"container\" data-settings=\"{&quot;content_width&quot;:&quot;full&quot;,&quot;background_background&quot;:&quot;classic&quot;}\">\n\t\t\t\t<div class=\"elementor-element elementor-element-468b3b0 elementor-widget elementor-widget-toggle\" data-id=\"468b3b0\" data-element_type=\"widget\" data-widget_type=\"toggle.default\">\n\t\t\t\t<div class=\"elementor-widget-container\">\n\t\t\t\t\t<div class=\"elementor-toggle\">\n\t\t\t\t\t\t\t<div class=\"elementor-toggle-item\">\n\t\t\t\t\t<h5 id=\"elementor-tab-title-7391\" class=\"elementor-tab-title\" data-tab=\"1\" role=\"button\" aria-controls=\"elementor-tab-content-7391\" aria-expanded=\"false\">\n\t\t\t\t\t\t\t\t\t\t\t\t<span class=\"elementor-toggle-icon elementor-toggle-icon-left\" aria-hidden=\"true\">\n\t\t\t\t\t\t\t\t\t\t\t\t\t\t\t<span class=\"elementor-toggle-icon-closed\"><svg class=\"e-font-icon-svg e-fas-caret-right\" viewBox=\"0 0 192 512\" xmlns=\"http:\/\/www.w3.org\/2000\/svg\"><path d=\"M0 384.662V127.338c0-17.818 21.543-26.741 34.142-14.142l128.662 128.662c7.81 7.81 7.81 20.474 0 28.284L34.142 398.804C21.543 411.404 0 402.48 0 384.662z\"><\/path><\/svg><\/span>\n\t\t\t\t\t\t\t\t<span class=\"elementor-toggle-icon-opened\"><svg class=\"elementor-toggle-icon-opened e-font-icon-svg e-fas-caret-up\" viewBox=\"0 0 320 512\" xmlns=\"http:\/\/www.w3.org\/2000\/svg\"><path d=\"M288.662 352H31.338c-17.818 0-26.741-21.543-14.142-34.142l128.662-128.662c7.81-7.81 20.474-7.81 28.284 0l128.662 128.662c12.6 12.599 3.676 34.142-14.142 34.142z\"><\/path><\/svg><\/span>\n\t\t\t\t\t\t\t\t\t\t\t\t\t<\/span>\n\t\t\t\t\t\t\t\t\t\t\t\t<a class=\"elementor-toggle-title\" tabindex=\"0\">Tensioactivo<\/a>\n\t\t\t\t\t<\/h5>\n\n\t\t\t\t\t<div id=\"elementor-tab-content-7391\" class=\"elementor-tab-content elementor-clearfix\" data-tab=\"1\" role=\"region\" aria-labelledby=\"elementor-tab-title-7391\"><table width=\"418\">\n<tbody>\n<tr>\n<td width=\"195\">Surfactant Solution<\/td>\n<td width=\"75\">4&#215;20 mL<\/td>\n<td width=\"75\">REF:<\/td>\n<td width=\"73\">AC1000<\/td>\n<\/tr>\n<tr>\n<td>Surfactant Solution<\/td>\n<td>4&#215;100 mL<\/td>\n<td>REF:<\/td>\n<td>BT-392<\/td>\n<\/tr>\n<\/tbody>\n<\/table>\n<\/div>\n\t\t\t\t<\/div>\n\t\t\t\t\t\t\t\t<\/div>\n\t\t\t\t<\/div>\n\t\t\t\t<\/div>\n\t\t\t\t<\/div>\n\t\t\t\t<\/div>\n\t\t<div class=\"elementor-element elementor-element-e2006d2 e-con-full e-flex e-con e-child\" data-id=\"e2006d2\" data-element_type=\"container\" data-settings=\"{&quot;content_width&quot;:&quot;full&quot;}\">\n\t\t<div class=\"elementor-element elementor-element-9a57e2c e-con-full e-flex e-con e-child\" data-id=\"9a57e2c\" data-element_type=\"container\" data-settings=\"{&quot;content_width&quot;:&quot;full&quot;,&quot;background_background&quot;:&quot;classic&quot;}\">\n\t\t\t\t<div class=\"elementor-element elementor-element-a88e41a elementor-widget elementor-widget-toggle\" data-id=\"a88e41a\" data-element_type=\"widget\" data-widget_type=\"toggle.default\">\n\t\t\t\t<div class=\"elementor-widget-container\">\n\t\t\t\t\t<div class=\"elementor-toggle\">\n\t\t\t\t\t\t\t<div class=\"elementor-toggle-item\">\n\t\t\t\t\t<h5 id=\"elementor-tab-title-1761\" class=\"elementor-tab-title\" data-tab=\"1\" role=\"button\" aria-controls=\"elementor-tab-content-1761\" aria-expanded=\"false\">\n\t\t\t\t\t\t\t\t\t\t\t\t<span class=\"elementor-toggle-icon elementor-toggle-icon-left\" aria-hidden=\"true\">\n\t\t\t\t\t\t\t\t\t\t\t\t\t\t\t<span class=\"elementor-toggle-icon-closed\"><svg class=\"e-font-icon-svg e-fas-caret-right\" viewBox=\"0 0 192 512\" xmlns=\"http:\/\/www.w3.org\/2000\/svg\"><path d=\"M0 384.662V127.338c0-17.818 21.543-26.741 34.142-14.142l128.662 128.662c7.81 7.81 7.81 20.474 0 28.284L34.142 398.804C21.543 411.404 0 402.48 0 384.662z\"><\/path><\/svg><\/span>\n\t\t\t\t\t\t\t\t<span class=\"elementor-toggle-icon-opened\"><svg class=\"elementor-toggle-icon-opened e-font-icon-svg e-fas-caret-up\" viewBox=\"0 0 320 512\" xmlns=\"http:\/\/www.w3.org\/2000\/svg\"><path d=\"M288.662 352H31.338c-17.818 0-26.741-21.543-14.142-34.142l128.662-128.662c7.81-7.81 20.474-7.81 28.284 0l128.662 128.662c12.6 12.599 3.676 34.142-14.142 34.142z\"><\/path><\/svg><\/span>\n\t\t\t\t\t\t\t\t\t\t\t\t\t<\/span>\n\t\t\t\t\t\t\t\t\t\t\t\t<a class=\"elementor-toggle-title\" tabindex=\"0\">Soluci\u00f3n alcalina de lavado<\/a>\n\t\t\t\t\t<\/h5>\n\n\t\t\t\t\t<div id=\"elementor-tab-content-1761\" class=\"elementor-tab-content elementor-clearfix\" data-tab=\"1\" role=\"region\" aria-labelledby=\"elementor-tab-title-1761\"><table width=\"418\">\n<tbody>\n<tr>\n<td width=\"195\">System Cleaning Solution<\/td>\n<td width=\"75\">4&#215;100 mL<\/td>\n<td width=\"75\">REF:<\/td>\n<td width=\"73\">AC1010<\/td>\n<\/tr>\n<\/tbody>\n<\/table>\n<\/div>\n\t\t\t\t<\/div>\n\t\t\t\t\t\t\t\t<\/div>\n\t\t\t\t<\/div>\n\t\t\t\t<\/div>\n\t\t\t\t<\/div>\n\t\t\t\t<\/div>\n\t\t\t\t<\/div>\n\t\t\t\t<\/div>\n\t\t\t\t\t\t\t<\/div>\n\t\t","protected":false},"excerpt":{"rendered":"<p>Soluciones de lavado Soluci\u00f3n \u00e1cida de lavado Acid Washing Solution 4&#215;50 mL REF: BT-393E Soluci\u00f3n de lavado cubetas Cuvette Washing Solution 4&#215;100 mL REF: AC1020 Cuvette Washing Solution 1&#215;1000 mL REF: BT-393 Tensioactivo Surfactant Solution 4&#215;20 mL REF: AC1000 Surfactant Solution 4&#215;100 mL REF: BT-392 Soluci\u00f3n alcalina de lavado System Cleaning Solution 4&#215;100 mL REF: [&hellip;]<\/p>\n","protected":false},"author":1,"featured_media":0,"parent":0,"menu_order":0,"comment_status":"closed","ping_status":"closed","template":"","meta":{"footnotes":""},"class_list":["post-2094","page","type-page","status-publish","hentry"],"yoast_head":"<!-- This site is optimized with the Yoast SEO plugin v24.9 - https:\/\/yoast.com\/wordpress\/plugins\/seo\/ -->\n<title>Soluciones detergentes - MTD - Worldclass Manufacture<\/title>\n<meta name=\"robots\" content=\"index, follow, max-snippet:-1, max-image-preview:large, max-video-preview:-1\" \/>\n<link rel=\"canonical\" href=\"https:\/\/www.mtd-diagnostics.com\/es\/soluciones-de-lavado\/\" \/>\n<meta property=\"og:locale\" content=\"es_ES\" \/>\n<meta property=\"og:type\" content=\"article\" \/>\n<meta property=\"og:title\" content=\"Soluciones detergentes - MTD - Worldclass Manufacture\" \/>\n<meta property=\"og:description\" content=\"Soluciones de lavado Soluci\u00f3n \u00e1cida de lavado Acid Washing Solution 4&#215;50 mL REF: BT-393E Soluci\u00f3n de lavado cubetas Cuvette Washing Solution 4&#215;100 mL REF: AC1020 Cuvette Washing Solution 1&#215;1000 mL REF: BT-393 Tensioactivo Surfactant Solution 4&#215;20 mL REF: AC1000 Surfactant Solution 4&#215;100 mL REF: BT-392 Soluci\u00f3n alcalina de lavado System Cleaning Solution 4&#215;100 mL REF: [&hellip;]\" \/>\n<meta property=\"og:url\" content=\"https:\/\/www.mtd-diagnostics.com\/es\/soluciones-de-lavado\/\" \/>\n<meta property=\"og:site_name\" content=\"MTD - Worldclass Manufacture\" \/>\n<meta property=\"article:modified_time\" content=\"2024-03-04T15:32:26+00:00\" \/>\n<meta name=\"twitter:card\" content=\"summary_large_image\" \/>\n<script type=\"application\/ld+json\" class=\"yoast-schema-graph\">{\"@context\":\"https:\/\/schema.org\",\"@graph\":[{\"@type\":\"WebPage\",\"@id\":\"https:\/\/www.mtd-diagnostics.com\/es\/soluciones-de-lavado\/\",\"url\":\"https:\/\/www.mtd-diagnostics.com\/es\/soluciones-de-lavado\/\",\"name\":\"Soluciones detergentes - MTD - Worldclass Manufacture\",\"isPartOf\":{\"@id\":\"https:\/\/www.mtd-diagnostics.com\/es\/#website\"},\"datePublished\":\"2024-01-16T10:22:43+00:00\",\"dateModified\":\"2024-03-04T15:32:26+00:00\",\"breadcrumb\":{\"@id\":\"https:\/\/www.mtd-diagnostics.com\/es\/soluciones-de-lavado\/#breadcrumb\"},\"inLanguage\":\"es\",\"potentialAction\":[{\"@type\":\"ReadAction\",\"target\":[\"https:\/\/www.mtd-diagnostics.com\/es\/soluciones-de-lavado\/\"]}]},{\"@type\":\"BreadcrumbList\",\"@id\":\"https:\/\/www.mtd-diagnostics.com\/es\/soluciones-de-lavado\/#breadcrumb\",\"itemListElement\":[{\"@type\":\"ListItem\",\"position\":1,\"name\":\"Home\",\"item\":\"https:\/\/www.mtd-diagnostics.com\/es\/home\/\"},{\"@type\":\"ListItem\",\"position\":2,\"name\":\"Soluciones detergentes\"}]},{\"@type\":\"WebSite\",\"@id\":\"https:\/\/www.mtd-diagnostics.com\/es\/#website\",\"url\":\"https:\/\/www.mtd-diagnostics.com\/es\/\",\"name\":\"MTD - Worldclass Manufacture\",\"description\":\"\",\"publisher\":{\"@id\":\"https:\/\/www.mtd-diagnostics.com\/es\/#organization\"},\"potentialAction\":[{\"@type\":\"SearchAction\",\"target\":{\"@type\":\"EntryPoint\",\"urlTemplate\":\"https:\/\/www.mtd-diagnostics.com\/es\/?s={search_term_string}\"},\"query-input\":{\"@type\":\"PropertyValueSpecification\",\"valueRequired\":true,\"valueName\":\"search_term_string\"}}],\"inLanguage\":\"es\"},{\"@type\":\"Organization\",\"@id\":\"https:\/\/www.mtd-diagnostics.com\/es\/#organization\",\"name\":\"MTD - Worldclass Manufacture\",\"url\":\"https:\/\/www.mtd-diagnostics.com\/es\/\",\"logo\":{\"@type\":\"ImageObject\",\"inLanguage\":\"es\",\"@id\":\"https:\/\/www.mtd-diagnostics.com\/es\/#\/schema\/logo\/image\/\",\"url\":\"https:\/\/www.mtd-diagnostics.com\/wp-content\/uploads\/2023\/12\/MTD-Logo-Marca-Registrada-1.png\",\"contentUrl\":\"https:\/\/www.mtd-diagnostics.com\/wp-content\/uploads\/2023\/12\/MTD-Logo-Marca-Registrada-1.png\",\"width\":1918,\"height\":1040,\"caption\":\"MTD - Worldclass Manufacture\"},\"image\":{\"@id\":\"https:\/\/www.mtd-diagnostics.com\/es\/#\/schema\/logo\/image\/\"}}]}<\/script>\n<!-- \/ Yoast SEO plugin. -->","yoast_head_json":{"title":"Soluciones detergentes - MTD - Worldclass Manufacture","robots":{"index":"index","follow":"follow","max-snippet":"max-snippet:-1","max-image-preview":"max-image-preview:large","max-video-preview":"max-video-preview:-1"},"canonical":"https:\/\/www.mtd-diagnostics.com\/es\/soluciones-de-lavado\/","og_locale":"es_ES","og_type":"article","og_title":"Soluciones detergentes - MTD - Worldclass Manufacture","og_description":"Soluciones de lavado Soluci\u00f3n \u00e1cida de lavado Acid Washing Solution 4&#215;50 mL REF: BT-393E Soluci\u00f3n de lavado cubetas Cuvette Washing Solution 4&#215;100 mL REF: AC1020 Cuvette Washing Solution 1&#215;1000 mL REF: BT-393 Tensioactivo Surfactant Solution 4&#215;20 mL REF: AC1000 Surfactant Solution 4&#215;100 mL REF: BT-392 Soluci\u00f3n alcalina de lavado System Cleaning Solution 4&#215;100 mL REF: [&hellip;]","og_url":"https:\/\/www.mtd-diagnostics.com\/es\/soluciones-de-lavado\/","og_site_name":"MTD - Worldclass Manufacture","article_modified_time":"2024-03-04T15:32:26+00:00","twitter_card":"summary_large_image","schema":{"@context":"https:\/\/schema.org","@graph":[{"@type":"WebPage","@id":"https:\/\/www.mtd-diagnostics.com\/es\/soluciones-de-lavado\/","url":"https:\/\/www.mtd-diagnostics.com\/es\/soluciones-de-lavado\/","name":"Soluciones detergentes - MTD - Worldclass Manufacture","isPartOf":{"@id":"https:\/\/www.mtd-diagnostics.com\/es\/#website"},"datePublished":"2024-01-16T10:22:43+00:00","dateModified":"2024-03-04T15:32:26+00:00","breadcrumb":{"@id":"https:\/\/www.mtd-diagnostics.com\/es\/soluciones-de-lavado\/#breadcrumb"},"inLanguage":"es","potentialAction":[{"@type":"ReadAction","target":["https:\/\/www.mtd-diagnostics.com\/es\/soluciones-de-lavado\/"]}]},{"@type":"BreadcrumbList","@id":"https:\/\/www.mtd-diagnostics.com\/es\/soluciones-de-lavado\/#breadcrumb","itemListElement":[{"@type":"ListItem","position":1,"name":"Home","item":"https:\/\/www.mtd-diagnostics.com\/es\/home\/"},{"@type":"ListItem","position":2,"name":"Soluciones detergentes"}]},{"@type":"WebSite","@id":"https:\/\/www.mtd-diagnostics.com\/es\/#website","url":"https:\/\/www.mtd-diagnostics.com\/es\/","name":"MTD - Worldclass Manufacture","description":"","publisher":{"@id":"https:\/\/www.mtd-diagnostics.com\/es\/#organization"},"potentialAction":[{"@type":"SearchAction","target":{"@type":"EntryPoint","urlTemplate":"https:\/\/www.mtd-diagnostics.com\/es\/?s={search_term_string}"},"query-input":{"@type":"PropertyValueSpecification","valueRequired":true,"valueName":"search_term_string"}}],"inLanguage":"es"},{"@type":"Organization","@id":"https:\/\/www.mtd-diagnostics.com\/es\/#organization","name":"MTD - Worldclass Manufacture","url":"https:\/\/www.mtd-diagnostics.com\/es\/","logo":{"@type":"ImageObject","inLanguage":"es","@id":"https:\/\/www.mtd-diagnostics.com\/es\/#\/schema\/logo\/image\/","url":"https:\/\/www.mtd-diagnostics.com\/wp-content\/uploads\/2023\/12\/MTD-Logo-Marca-Registrada-1.png","contentUrl":"https:\/\/www.mtd-diagnostics.com\/wp-content\/uploads\/2023\/12\/MTD-Logo-Marca-Registrada-1.png","width":1918,"height":1040,"caption":"MTD - Worldclass Manufacture"},"image":{"@id":"https:\/\/www.mtd-diagnostics.com\/es\/#\/schema\/logo\/image\/"}}]}},"_links":{"self":[{"href":"https:\/\/www.mtd-diagnostics.com\/es\/wp-json\/wp\/v2\/pages\/2094","targetHints":{"allow":["GET"]}}],"collection":[{"href":"https:\/\/www.mtd-diagnostics.com\/es\/wp-json\/wp\/v2\/pages"}],"about":[{"href":"https:\/\/www.mtd-diagnostics.com\/es\/wp-json\/wp\/v2\/types\/page"}],"author":[{"embeddable":true,"href":"https:\/\/www.mtd-diagnostics.com\/es\/wp-json\/wp\/v2\/users\/1"}],"replies":[{"embeddable":true,"href":"https:\/\/www.mtd-diagnostics.com\/es\/wp-json\/wp\/v2\/comments?post=2094"}],"version-history":[{"count":4,"href":"https:\/\/www.mtd-diagnostics.com\/es\/wp-json\/wp\/v2\/pages\/2094\/revisions"}],"predecessor-version":[{"id":2136,"href":"https:\/\/www.mtd-diagnostics.com\/es\/wp-json\/wp\/v2\/pages\/2094\/revisions\/2136"}],"wp:attachment":[{"href":"https:\/\/www.mtd-diagnostics.com\/es\/wp-json\/wp\/v2\/media?parent=2094"}],"curies":[{"name":"wp","href":"https:\/\/api.w.org\/{rel}","templated":true}]}}